{"id":37,"date":"2023-10-05T09:34:50","date_gmt":"2023-10-05T12:34:50","guid":{"rendered":"https:\/\/innovacionloslagos.com\/aula\/?page_id=37"},"modified":"2024-08-19T12:06:06","modified_gmt":"2024-08-19T15:06:06","slug":"inicio","status":"publish","type":"page","link":"https:\/\/innovacionloslagos.com\/aula\/","title":{"rendered":"Inicio"},"content":{"rendered":"\t\t<div data-elementor-type=\"wp-page\" data-elementor-id=\"37\" class=\"elementor elementor-37\" data-elementor-post-type=\"page\">\n\t\t\t\t\t\t<section class=\"elementor-section elementor-top-section elementor-element elementor-element-c1e476f elementor-section-boxed elementor-section-height-default elementor-section-height-default\" data-id=\"c1e476f\" data-element_type=\"section\" data-e-type=\"section\">\n\t\t\t\t\t\t<div class=\"elementor-container elementor-column-gap-default\">\n\t\t\t\t\t<div class=\"elementor-column elementor-col-100 elementor-top-column elementor-element elementor-element-1fd3e68\" data-id=\"1fd3e68\" data-element_type=\"column\" data-e-type=\"column\">\n\t\t\t<div class=\"elementor-widget-wrap elementor-element-populated\">\n\t\t\t\t\t\t<section class=\"elementor-section elementor-inner-section elementor-element elementor-element-5f5903e elementor-section-content-middle elementor-section-boxed elementor-section-height-default elementor-section-height-default\" data-id=\"5f5903e\" data-element_type=\"section\" data-e-type=\"section\">\n\t\t\t\t\t\t<div class=\"elementor-container elementor-column-gap-default\">\n\t\t\t\t\t<div class=\"elementor-column elementor-col-50 elementor-inner-column elementor-element elementor-element-56c4e42\" data-id=\"56c4e42\" data-element_type=\"column\" data-e-type=\"column\">\n\t\t\t<div class=\"elementor-widget-wrap elementor-element-populated\">\n\t\t\t\t\t\t<div class=\"elementor-element elementor-element-706bec1 elementor-widget elementor-widget-heading\" data-id=\"706bec1\" data-element_type=\"widget\" data-e-type=\"widget\" data-widget_type=\"heading.default\">\n\t\t\t\t<div class=\"elementor-widget-container\">\n\t\t\t\t\t<h1 class=\"elementor-heading-title elementor-size-default\">Aula virtual del Centro de Innovaci\u00f3n Regional Los Lagos<\/h1>\t\t\t\t<\/div>\n\t\t\t\t<\/div>\n\t\t\t\t<div class=\"elementor-element elementor-element-933cf27 elementor-widget elementor-widget-heading\" data-id=\"933cf27\" data-element_type=\"widget\" data-e-type=\"widget\" data-widget_type=\"heading.default\">\n\t\t\t\t<div class=\"elementor-widget-container\">\n\t\t\t\t\t<h2 class=\"elementor-heading-title elementor-size-default\">Bienvenido al aula virtual del Centro de Innovaci\u00f3n Regional Los Lagos<\/h2>\t\t\t\t<\/div>\n\t\t\t\t<\/div>\n\t\t\t\t<div class=\"elementor-element elementor-element-88a9cd6 elementor-widget elementor-widget-heading\" data-id=\"88a9cd6\" data-element_type=\"widget\" data-e-type=\"widget\" data-widget_type=\"heading.default\">\n\t\t\t\t<div class=\"elementor-widget-container\">\n\t\t\t\t\t<p class=\"elementor-heading-title elementor-size-default\">Nuestra aula virtual te permitir\u00e1 obtener un acceso \u00fanico a todas las formaciones realizadas por los diferentes programas que realizamos. <br><br>\nEl acceso a esta plataforma se entregar\u00e1 durante el desarrollo de cada programa del Centro de Innovaci\u00f3n Regional.\n<\/p>\t\t\t\t<\/div>\n\t\t\t\t<\/div>\n\t\t\t\t<div class=\"elementor-element elementor-element-0b84f6f elementor-widget elementor-widget-button\" data-id=\"0b84f6f\" data-element_type=\"widget\" data-e-type=\"widget\" data-widget_type=\"button.default\">\n\t\t\t\t<div class=\"elementor-widget-container\">\n\t\t\t\t\t\t\t\t\t<div class=\"elementor-button-wrapper\">\n\t\t\t\t\t<a class=\"elementor-button elementor-button-link elementor-size-md elementor-animation-grow\" href=\"https:\/\/innovacionloslagos.com\/aula\/cursos\">\n\t\t\t\t\t\t<span class=\"elementor-button-content-wrapper\">\n\t\t\t\t\t\t<span class=\"elementor-button-icon\">\n\t\t\t\t<i aria-hidden=\"true\" class=\"fas fa-long-arrow-alt-right\"><\/i>\t\t\t<\/span>\n\t\t\t\t\t\t\t\t\t<span class=\"elementor-button-text\">Ir a mis cursos<\/span>\n\t\t\t\t\t<\/span>\n\t\t\t\t\t<\/a>\n\t\t\t\t<\/div>\n\t\t\t\t\t\t\t\t<\/div>\n\t\t\t\t<\/div>\n\t\t\t\t\t<\/div>\n\t\t<\/div>\n\t\t\t\t<div class=\"elementor-column elementor-col-50 elementor-inner-column elementor-element elementor-element-4977e74\" data-id=\"4977e74\" data-element_type=\"column\" data-e-type=\"column\">\n\t\t\t<div class=\"elementor-widget-wrap elementor-element-populated\">\n\t\t\t\t\t\t<div class=\"elementor-element elementor-element-478b37f elementor-widget elementor-widget-image\" data-id=\"478b37f\" data-element_type=\"widget\" data-e-type=\"widget\" data-widget_type=\"image.default\">\n\t\t\t\t<div class=\"elementor-widget-container\">\n\t\t\t\t\t\t\t\t\t\t\t\t\t\t\t<img fetchpriority=\"high\" decoding=\"async\" width=\"800\" height=\"614\" src=\"https:\/\/innovacionloslagos.com\/aula\/wp-content\/uploads\/2024\/08\/backaula.png\" class=\"attachment-large size-large wp-image-381\" alt=\"\" srcset=\"https:\/\/innovacionloslagos.com\/aula\/wp-content\/uploads\/2024\/08\/backaula.png 800w, https:\/\/innovacionloslagos.com\/aula\/wp-content\/uploads\/2024\/08\/backaula-300x230.png 300w, https:\/\/innovacionloslagos.com\/aula\/wp-content\/uploads\/2024\/08\/backaula-768x589.png 768w\" sizes=\"(max-width: 800px) 100vw, 800px\" \/>\t\t\t\t\t\t\t\t\t\t\t\t\t\t\t<\/div>\n\t\t\t\t<\/div>\n\t\t\t\t\t<\/div>\n\t\t<\/div>\n\t\t\t\t\t<\/div>\n\t\t<\/section>\n\t\t\t\t\t<\/div>\n\t\t<\/div>\n\t\t\t\t\t<\/div>\n\t\t<\/section>\n\t\t\t\t<\/div>\n\t\t","protected":false},"excerpt":{"rendered":"<p>Aula virtual del Centro de Innovaci\u00f3n Regional Los Lagos Bienvenido al aula virtual del Centro de Innovaci\u00f3n Regional Los Lagos Nuestra aula virtual te permitir\u00e1 obtener un acceso \u00fanico a todas las formaciones realizadas por los diferentes programas que realizamos. El acceso a esta plataforma se entregar\u00e1 durante el desarrollo de cada programa del Centro [&hellip;]<\/p>\n","protected":false},"author":2,"featured_media":0,"parent":0,"menu_order":0,"comment_status":"closed","ping_status":"closed","template":"elementor_header_footer","meta":{"_kadence_starter_templates_imported_post":false,"footnotes":""},"class_list":["post-37","page","type-page","status-publish","hentry"],"_links":{"self":[{"href":"https:\/\/innovacionloslagos.com\/aula\/wp-json\/wp\/v2\/pages\/37","targetHints":{"allow":["GET"]}}],"collection":[{"href":"https:\/\/innovacionloslagos.com\/aula\/wp-json\/wp\/v2\/pages"}],"about":[{"href":"https:\/\/innovacionloslagos.com\/aula\/wp-json\/wp\/v2\/types\/page"}],"author":[{"embeddable":true,"href":"https:\/\/innovacionloslagos.com\/aula\/wp-json\/wp\/v2\/users\/2"}],"replies":[{"embeddable":true,"href":"https:\/\/innovacionloslagos.com\/aula\/wp-json\/wp\/v2\/comments?post=37"}],"version-history":[{"count":34,"href":"https:\/\/innovacionloslagos.com\/aula\/wp-json\/wp\/v2\/pages\/37\/revisions"}],"predecessor-version":[{"id":384,"href":"https:\/\/innovacionloslagos.com\/aula\/wp-json\/wp\/v2\/pages\/37\/revisions\/384"}],"wp:attachment":[{"href":"https:\/\/innovacionloslagos.com\/aula\/wp-json\/wp\/v2\/media?parent=37"}],"curies":[{"name":"wp","href":"https:\/\/api.w.org\/{rel}","templated":true}]}}